{"id":3,"date":"2022-07-10T15:37:40","date_gmt":"2022-07-10T13:37:40","guid":{"rendered":"http:\/\/www.lecoursh.fr\/?page_id=3"},"modified":"2022-07-14T17:51:52","modified_gmt":"2022-07-14T15:51:52","slug":"politique-de-confidentialite","status":"publish","type":"page","link":"https:\/\/www.lecoursh.fr\/?page_id=3","title":{"rendered":"Politique de confidentialit\u00e9"},"content":{"rendered":"\t\t<div data-elementor-type=\"wp-page\" data-elementor-id=\"3\" class=\"elementor elementor-3\">\n\t\t\t\t\t\t\t\t\t<section class=\"elementor-section elementor-top-section elementor-element elementor-element-5efbc940 elementor-section-boxed elementor-section-height-default elementor-section-height-default wpr-particle-no wpr-jarallax-no wpr-parallax-no wpr-sticky-section-no\" data-id=\"5efbc940\" data-element_type=\"section\">\n\t\t\t\t\t\t<div class=\"elementor-container elementor-column-gap-default\">\n\t\t\t\t\t<div class=\"elementor-column elementor-col-100 elementor-top-column elementor-element elementor-element-10b52a81\" data-id=\"10b52a81\" data-element_type=\"column\">\n\t\t\t<div class=\"elementor-widget-wrap elementor-element-populated\">\n\t\t\t\t\t\t\t\t<div class=\"elementor-element elementor-element-4b994332 elementor-widget elementor-widget-text-editor\" data-id=\"4b994332\" data-element_type=\"widget\" data-widget_type=\"text-editor.default\">\n\t\t\t\t<div class=\"elementor-widget-container\">\n\t\t\t<style>\/*! elementor - v3.8.1 - 13-11-2022 *\/\n.elementor-widget-text-editor.elementor-drop-cap-view-stacked .elementor-drop-cap{background-color:#818a91;color:#fff}.elementor-widget-text-editor.elementor-drop-cap-view-framed .elementor-drop-cap{color:#818a91;border:3px solid;background-color:transparent}.elementor-widget-text-editor:not(.elementor-drop-cap-view-default) .elementor-drop-cap{margin-top:8px}.elementor-widget-text-editor:not(.elementor-drop-cap-view-default) .elementor-drop-cap-letter{width:1em;height:1em}.elementor-widget-text-editor .elementor-drop-cap{float:left;text-align:center;line-height:1;font-size:50px}.elementor-widget-text-editor .elementor-drop-cap-letter{display:inline-block}<\/style>\t\t\t\t<p><!-- wp:heading --><\/p>\n<h2>Qui sommes-nous&nbsp;?<\/h2>\n<p><!-- \/wp:heading --><\/p>\n<p><!-- wp:paragraph --><\/p>\n<p>L\u2019adresse de notre site est&nbsp;: https:\/\/www.lecoursh.fr.<\/p>\n<p><!-- \/wp:paragraph --><\/p>\n<p><!-- wp:heading --><\/p>\n<h2>D\u00e9finitions<\/h2>\n<p><!-- \/wp:heading --><\/p>\n<p><!-- wp:paragraph --><\/p>\n<p>L&#8217;\u00c9diteur : La personne, physique ou morale, qui \u00e9dite les services de communication au public en ligne.<br>Le Site : L&#8217;ensemble des sites, pages Internet et services en ligne propos\u00e9s par l&#8217;\u00c9diteur.<br>L&#8217;Utilisateur : La personne utilisant le Site et les services.<\/p>\n<p><!-- \/wp:paragraph --><\/p>\n<p><!-- wp:heading --><\/p>\n<h2>1- Nature des donn\u00e9es collect\u00e9es<\/h2>\n<p><!-- \/wp:heading --><\/p>\n<p><!-- wp:paragraph --><\/p>\n<p>Dans le cadre de l&#8217;utilisation du site, l&#8217;\u00c9diteur est susceptible de collecter les cat\u00e9gories<br>de donn\u00e9es suivantes concernant ses Utilisateurs :<br>Donn\u00e9es d&#8217;\u00e9tat-civil, d&#8217;identit\u00e9, d&#8217;identification, adresses postales et e-mail\u2026<\/p>\n<p><!-- \/wp:paragraph --><\/p>\n<p><!-- wp:paragraph --><\/p>\n<p><!-- \/wp:paragraph --><\/p>\n<p><!-- wp:heading --><\/p>\n<h2>2- Communication des donn\u00e9es personnelles \u00e0 des tiers<\/h2>\n<p><!-- \/wp:heading --><\/p>\n<p><!-- wp:paragraph --><\/p>\n<p>Pas de communication \u00e0 des tiers vos donn\u00e9es ne font l&#8217;objet d&#8217;aucune communication \u00e0 des tiers. Vous \u00eates toutefois inform\u00e9s qu&#8217;elles pourront \u00eatre divulgu\u00e9es en application d&#8217;une loi, d&#8217;un r\u00e8glement ou en vertu d&#8217;une d\u00e9cision d&#8217;une autorit\u00e9 r\u00e9glementaire ou judiciaire comp\u00e9tente.<\/p>\n<p><!-- \/wp:paragraph --><\/p>\n<p><!-- wp:heading --><\/p>\n<h2>3- Information pr\u00e9alable pour la communication des donn\u00e9es personnelles \u00e0 des tiers en cas de fusion \/ absorption<\/h2>\n<p><!-- \/wp:heading --><\/p>\n<p><!-- wp:paragraph --><\/p>\n<p>Information pr\u00e9alable et possibilit\u00e9 d\u2019opt-out avant et apr\u00e8s la fusion \/ acquisition<br>Dans le cas o\u00f9 nous prendrions part \u00e0 une op\u00e9ration de fusion, d\u2019acquisition ou \u00e0 toute autre forme de cession d\u2019actifs, nous nous engageons \u00e0 garantir la confidentialit\u00e9 de vos donn\u00e9es personnelles et \u00e0 vous informer avant que celles-ci ne soient transf\u00e9r\u00e9es ou soumises \u00e0 de nouvelles r\u00e8gles de confidentialit\u00e9.<\/p>\n<p><!-- \/wp:paragraph --><\/p>\n<p><!-- wp:heading --><\/p>\n<h2>4- Agr\u00e9gation des donn\u00e9es<\/h2>\n<p><!-- \/wp:heading --><\/p>\n<p><!-- wp:paragraph --><\/p>\n<p>Agr\u00e9gation avec des donn\u00e9es non personnelles<br>Nous pouvons publier, divulguer et utiliser les informations agr\u00e9g\u00e9es (informations relatives \u00e0 tous nos Utilisateurs ou \u00e0 des groupes ou cat\u00e9gories sp\u00e9cifiques d&#8217;Utilisateurs que nous combinons de mani\u00e8re \u00e0 ce qu&#8217;un Utilisateur individuel ne puisse plus \u00eatre identifi\u00e9 ou mentionn\u00e9) et les informations non personnelles \u00e0 des fins d&#8217;analyse du secteur et du march\u00e9, de profilage d\u00e9mographique, \u00e0 des fins promotionnelles et publicitaires et \u00e0 d&#8217;autres fins commerciales.<br>Agr\u00e9gation avec des donn\u00e9es personnelles disponibles sur les comptes sociaux de l&#8217;Utilisateur.<br>Si vous connectez votre compte \u00e0 un compte d\u2019un autre service afin de faire des envois crois\u00e9s, ledit service pourra nous communiquer vos informations de profil, de connexion, ainsi que toute autre information dont vous avez autoris\u00e9 la divulgation. Nous pouvons agr\u00e9ger les informations relatives \u00e0 tous nos autres Utilisateurs, groupes, comptes, aux donn\u00e9es personnelles disponibles sur l\u2019Utilisateur.&nbsp;<\/p>\n<p><!-- \/wp:paragraph --><\/p>\n<p><!-- wp:heading --><\/p>\n<h2>5- Collecte des donn\u00e9es d&#8217;identit\u00e9<\/h2>\n<p><!-- \/wp:heading --><\/p>\n<p><!-- wp:paragraph --><\/p>\n<p>L\u2019utilisation du Site ne n\u00e9cessite aucune inscription ou identification pr\u00e9alable. Seuls les donn\u00e9es concernant les inscriptions sont collect\u00e9es.<\/p>\n<p><!-- \/wp:paragraph --><\/p>\n<p><!-- wp:heading --><\/p>\n<h2>6- Collecte des donn\u00e9es d&#8217;identification<\/h2>\n<p>Utilisation de l&#8217;identifiant de l\u2019utilisateur uniquement pour l\u2019acc\u00e8s aux services<br>Nous utilisons vos identifiants \u00e9lectroniques seulement pour et pendant l&#8217;ex\u00e9cution du contrat.<\/p>\t\t\t\t\t\t<\/div>\n\t\t\t\t<\/div>\n\t\t\t\t\t<\/div>\n\t\t<\/div>\n\t\t\t\t\t\t\t<\/div>\n\t\t<\/section>\n\t\t\t\t\t\t\t<\/div>\n\t\t","protected":false},"excerpt":{"rendered":"<p>Qui sommes-nous&nbsp;? L\u2019adresse de notre site est&nbsp;: https:\/\/www.lecoursh.fr. D\u00e9finitions L&#8217;\u00c9diteur : La personne, physique ou morale, qui \u00e9dite les services de communication au public en ligne.Le Site : L&#8217;ensemble des sites, pages Internet et services en ligne propos\u00e9s par l&#8217;\u00c9diteur.L&#8217;Utilisateur : La personne utilisant le Site et les services. 1- Nature des donn\u00e9es collect\u00e9es Dans [&hellip;]<\/p>\n","protected":false},"author":1,"featured_media":0,"parent":0,"menu_order":0,"comment_status":"closed","ping_status":"open","template":"","meta":{"om_disable_all_campaigns":false,"inline_featured_image":false,"_mi_skip_tracking":false},"aioseo_notices":[],"uagb_featured_image_src":{"full":false,"thumbnail":false,"medium":false,"medium_large":false,"large":false,"1536x1536":false,"2048x2048":false,"post-thumbnail":false,"albatross-large":false,"albatross-small":false},"uagb_author_info":{"display_name":"Audrey","author_link":"https:\/\/www.lecoursh.fr\/?author=1"},"uagb_comment_info":0,"uagb_excerpt":"Qui sommes-nous&nbsp;? L\u2019adresse de notre site est&nbsp;: https:\/\/www.lecoursh.fr. D\u00e9finitions L&#8217;\u00c9diteur : La personne, physique ou morale, qui \u00e9dite les services de communication au public en ligne.Le Site : L&#8217;ensemble des sites, pages Internet et services en ligne propos\u00e9s par l&#8217;\u00c9diteur.L&#8217;Utilisateur : La personne utilisant le Site et les services. 1- Nature des donn\u00e9es collect\u00e9es Dans\u2026","_links":{"self":[{"href":"https:\/\/www.lecoursh.fr\/index.php?rest_route=\/wp\/v2\/pages\/3"}],"collection":[{"href":"https:\/\/www.lecoursh.fr\/index.php?rest_route=\/wp\/v2\/pages"}],"about":[{"href":"https:\/\/www.lecoursh.fr\/index.php?rest_route=\/wp\/v2\/types\/page"}],"author":[{"embeddable":true,"href":"https:\/\/www.lecoursh.fr\/index.php?rest_route=\/wp\/v2\/users\/1"}],"replies":[{"embeddable":true,"href":"https:\/\/www.lecoursh.fr\/index.php?rest_route=%2Fwp%2Fv2%2Fcomments&post=3"}],"version-history":[{"count":4,"href":"https:\/\/www.lecoursh.fr\/index.php?rest_route=\/wp\/v2\/pages\/3\/revisions"}],"predecessor-version":[{"id":632,"href":"https:\/\/www.lecoursh.fr\/index.php?rest_route=\/wp\/v2\/pages\/3\/revisions\/632"}],"wp:attachment":[{"href":"https:\/\/www.lecoursh.fr\/index.php?rest_route=%2Fwp%2Fv2%2Fmedia&parent=3"}],"curies":[{"name":"wp","href":"https:\/\/api.w.org\/{rel}","templated":true}]}}