{"id":662,"date":"2022-08-31T16:24:47","date_gmt":"2022-08-31T14:24:47","guid":{"rendered":"https:\/\/www.lecoursh.fr\/?page_id=662"},"modified":"2025-10-01T16:56:26","modified_gmt":"2025-10-01T14:56:26","slug":"les-stages","status":"publish","type":"page","link":"https:\/\/www.lecoursh.fr\/?page_id=662","title":{"rendered":"Ev\u00e8nements professionnels"},"content":{"rendered":"\t\t<div data-elementor-type=\"wp-page\" data-elementor-id=\"662\" class=\"elementor elementor-662\">\n\t\t\t\t\t\t\t\t\t<section class=\"elementor-section elementor-top-section elementor-element elementor-element-a0509bd elementor-section-boxed elementor-section-height-default elementor-section-height-default wpr-particle-no wpr-jarallax-no wpr-parallax-no wpr-sticky-section-no\" data-id=\"a0509bd\" data-element_type=\"section\">\n\t\t\t\t\t\t<div class=\"elementor-container elementor-column-gap-default\">\n\t\t\t\t\t<div class=\"elementor-column elementor-col-100 elementor-top-column elementor-element elementor-element-3e45181\" data-id=\"3e45181\" data-element_type=\"column\">\n\t\t\t<div class=\"elementor-widget-wrap elementor-element-populated\">\n\t\t\t\t\t\t\t\t<div class=\"elementor-element elementor-element-b562933 elementor-widget elementor-widget-image\" data-id=\"b562933\" data-element_type=\"widget\" data-widget_type=\"image.default\">\n\t\t\t\t<div class=\"elementor-widget-container\">\n\t\t\t<style>\/*! elementor - v3.8.1 - 13-11-2022 *\/\n.elementor-widget-image{text-align:center}.elementor-widget-image a{display:inline-block}.elementor-widget-image a img[src$=\".svg\"]{width:48px}.elementor-widget-image img{vertical-align:middle;display:inline-block}<\/style>\t\t\t\t\t\t\t\t\t\t\t\t<img decoding=\"async\" width=\"576\" height=\"1024\" src=\"https:\/\/www.lecoursh.fr\/wp-content\/uploads\/2025\/10\/Journee-Team-Building-576x1024.jpg\" class=\"attachment-large size-large\" alt=\"\" loading=\"lazy\" srcset=\"https:\/\/www.lecoursh.fr\/wp-content\/uploads\/2025\/10\/Journee-Team-Building-576x1024.jpg 576w, https:\/\/www.lecoursh.fr\/wp-content\/uploads\/2025\/10\/Journee-Team-Building-169x300.jpg 169w, https:\/\/www.lecoursh.fr\/wp-content\/uploads\/2025\/10\/Journee-Team-Building-768x1365.jpg 768w, https:\/\/www.lecoursh.fr\/wp-content\/uploads\/2025\/10\/Journee-Team-Building-864x1536.jpg 864w, https:\/\/www.lecoursh.fr\/wp-content\/uploads\/2025\/10\/Journee-Team-Building.jpg 1080w\" sizes=\"(max-width: 576px) 100vw, 576px\" \/>\t\t\t\t\t\t\t\t\t\t\t\t\t\t\t<\/div>\n\t\t\t\t<\/div>\n\t\t\t\t\t<\/div>\n\t\t<\/div>\n\t\t\t\t\t\t\t<\/div>\n\t\t<\/section>\n\t\t\t\t<section class=\"elementor-section elementor-top-section elementor-element elementor-element-76c8fb9 elementor-section-boxed elementor-section-height-default elementor-section-height-default wpr-particle-no wpr-jarallax-no wpr-parallax-no wpr-sticky-section-no\" data-id=\"76c8fb9\" data-element_type=\"section\">\n\t\t\t\t\t\t<div class=\"elementor-container elementor-column-gap-default\">\n\t\t\t\t\t<div class=\"elementor-column elementor-col-100 elementor-top-column elementor-element elementor-element-4993b16\" data-id=\"4993b16\" data-element_type=\"column\">\n\t\t\t<div class=\"elementor-widget-wrap elementor-element-populated\">\n\t\t\t\t\t\t\t\t<div class=\"elementor-element elementor-element-30902b8 elementor-widget elementor-widget-image\" data-id=\"30902b8\" data-element_type=\"widget\" data-widget_type=\"image.default\">\n\t\t\t\t<div class=\"elementor-widget-container\">\n\t\t\t\t\t\t\t\t\t\t\t\t\t\t\t<img decoding=\"async\" width=\"576\" height=\"1024\" src=\"https:\/\/www.lecoursh.fr\/wp-content\/uploads\/2025\/10\/Arbre-de-Noel-Entreprise-576x1024.jpg\" class=\"attachment-large size-large\" alt=\"\" loading=\"lazy\" srcset=\"https:\/\/www.lecoursh.fr\/wp-content\/uploads\/2025\/10\/Arbre-de-Noel-Entreprise-576x1024.jpg 576w, https:\/\/www.lecoursh.fr\/wp-content\/uploads\/2025\/10\/Arbre-de-Noel-Entreprise-169x300.jpg 169w, https:\/\/www.lecoursh.fr\/wp-content\/uploads\/2025\/10\/Arbre-de-Noel-Entreprise-768x1365.jpg 768w, https:\/\/www.lecoursh.fr\/wp-content\/uploads\/2025\/10\/Arbre-de-Noel-Entreprise-864x1536.jpg 864w, https:\/\/www.lecoursh.fr\/wp-content\/uploads\/2025\/10\/Arbre-de-Noel-Entreprise.jpg 1080w\" sizes=\"(max-width: 576px) 100vw, 576px\" \/>\t\t\t\t\t\t\t\t\t\t\t\t\t\t\t<\/div>\n\t\t\t\t<\/div>\n\t\t\t\t\t<\/div>\n\t\t<\/div>\n\t\t\t\t\t\t\t<\/div>\n\t\t<\/section>\n\t\t\t\t<section class=\"elementor-section elementor-top-section elementor-element elementor-element-a32e5b2 elementor-section-boxed elementor-section-height-default elementor-section-height-default wpr-particle-no wpr-jarallax-no wpr-parallax-no wpr-sticky-section-no\" data-id=\"a32e5b2\" data-element_type=\"section\">\n\t\t\t\t\t\t<div class=\"elementor-container elementor-column-gap-default\">\n\t\t\t\t\t<div class=\"elementor-column elementor-col-100 elementor-top-column elementor-element elementor-element-17de221\" data-id=\"17de221\" data-element_type=\"column\">\n\t\t\t<div class=\"elementor-widget-wrap elementor-element-populated\">\n\t\t\t\t\t\t\t\t<div class=\"elementor-element elementor-element-e759e00 eael-wpforms-labels-yes eael-wpforms-form-button-custom elementor-widget elementor-widget-eael-wpforms\" data-id=\"e759e00\" data-element_type=\"widget\" data-widget_type=\"eael-wpforms.default\">\n\t\t\t\t<div class=\"elementor-widget-container\">\n\t\t\t            <div class=\"eael-contact-form eael-wpforms eael-contact-form-align-default\">\n                                <div class=\"wpforms-container wpforms-container-full\" id=\"wpforms-1993\"><form id=\"wpforms-form-1993\" class=\"wpforms-validate wpforms-form\" data-formid=\"1993\" method=\"post\" enctype=\"multipart\/form-data\" action=\"\/index.php?rest_route=%2Fwp%2Fv2%2Fpages%2F662\" data-token=\"21c507b11f28d69da9bebe4b1beab8f1\"><div class=\"wpforms-head-container\"><div class=\"wpforms-title\">Formulaire de contact pro<\/div><\/div><noscript class=\"wpforms-error-noscript\">Veuillez activer JavaScript dans votre navigateur pour remplir ce formulaire.<\/noscript><div class=\"wpforms-field-container\"><div id=\"wpforms-1993-field_0-container\" class=\"wpforms-field wpforms-field-name\" data-field-id=\"0\"><label class=\"wpforms-field-label wpforms-label-hide\" for=\"wpforms-1993-field_0\">Nom Pr\u00e9nom <span class=\"wpforms-required-label\">*<\/span><\/label><input type=\"text\" id=\"wpforms-1993-field_0\" class=\"wpforms-field-large wpforms-field-required\" name=\"wpforms[fields][0]\" placeholder=\"Nom\" required><\/div><div id=\"wpforms-1993-field_4-container\" class=\"wpforms-field wpforms-field-name\" data-field-id=\"4\"><label class=\"wpforms-field-label wpforms-label-hide\" for=\"wpforms-1993-field_4\">T\u00e9l\u00e9phone <span class=\"wpforms-required-label\">*<\/span><\/label><input type=\"text\" id=\"wpforms-1993-field_4\" class=\"wpforms-field-large wpforms-field-required\" name=\"wpforms[fields][4]\" placeholder=\"Pr\u00e9nom\" required><\/div><div id=\"wpforms-1993-field_1-container\" class=\"wpforms-field wpforms-field-email\" data-field-id=\"1\"><label class=\"wpforms-field-label wpforms-label-hide\" for=\"wpforms-1993-field_1\">Email <span class=\"wpforms-required-label\">*<\/span><\/label><input type=\"email\" id=\"wpforms-1993-field_1\" class=\"wpforms-field-large wpforms-field-required\" name=\"wpforms[fields][1]\" placeholder=\"Email\" required><\/div><div id=\"wpforms-1993-field_6-container\" class=\"wpforms-field wpforms-field-radio\" data-field-id=\"6\"><label class=\"wpforms-field-label\" for=\"wpforms-1993-field_6\">Besoin d&#039;infos ou de devis sur <\/label><ul id=\"wpforms-1993-field_6\"><li class=\"choice-1 depth-1\"><input type=\"radio\" id=\"wpforms-1993-field_6_1\" name=\"wpforms[fields][6]\" value=\"Team Building\"  ><label class=\"wpforms-field-label-inline\" for=\"wpforms-1993-field_6_1\">Team Building<\/label><\/li><li class=\"choice-2 depth-1\"><input type=\"radio\" id=\"wpforms-1993-field_6_2\" name=\"wpforms[fields][6]\" value=\"Arbre de No\u00ebl\"  ><label class=\"wpforms-field-label-inline\" for=\"wpforms-1993-field_6_2\">Arbre de No\u00ebl<\/label><\/li><li class=\"choice-3 depth-1\"><input type=\"radio\" id=\"wpforms-1993-field_6_3\" name=\"wpforms[fields][6]\" value=\"Prestation sur mesure\"  ><label class=\"wpforms-field-label-inline\" for=\"wpforms-1993-field_6_3\">Prestation sur mesure<\/label><\/li><\/ul><\/div><div id=\"wpforms-1993-field_2-container\" class=\"wpforms-field wpforms-field-textarea\" data-field-id=\"2\"><label class=\"wpforms-field-label wpforms-label-hide\" for=\"wpforms-1993-field_2\">Message <span class=\"wpforms-required-label\">*<\/span><\/label><textarea id=\"wpforms-1993-field_2\" class=\"wpforms-field-medium wpforms-field-required\" name=\"wpforms[fields][2]\" placeholder=\"Message\" required><\/textarea><\/div><\/div><div class=\"wpforms-field wpforms-field-hp\"><label for=\"wpforms-1993-field-hp\" class=\"wpforms-field-label\">Website<\/label><input type=\"text\" name=\"wpforms[hp]\" id=\"wpforms-1993-field-hp\" class=\"wpforms-field-medium\"><\/div><div class=\"wpforms-submit-container\"><input type=\"hidden\" name=\"wpforms[id]\" value=\"1993\"><input type=\"hidden\" name=\"wpforms[author]\" value=\"1\"><button type=\"submit\" name=\"wpforms[submit]\" id=\"wpforms-submit-1993\" class=\"wpforms-submit\" data-alt-text=\"Envoi en cours...\" data-submit-text=\"Envoyer\" aria-live=\"assertive\" value=\"wpforms-submit\">Envoyer<\/button><\/div><\/form><\/div>  <!-- .wpforms-container -->            <\/div>\n\t\t<\/div>\n\t\t\t\t<\/div>\n\t\t\t\t\t<\/div>\n\t\t<\/div>\n\t\t\t\t\t\t\t<\/div>\n\t\t<\/section>\n\t\t\t\t\t\t\t<\/div>\n\t\t","protected":false},"excerpt":{"rendered":"<p>Formulaire de contact proVeuillez activer JavaScript dans votre navigateur pour remplir ce formulaire.Nom Pr\u00e9nom *T\u00e9l\u00e9phone *Email *Besoin d&#8217;infos ou de devis sur Team Building Arbre de No\u00ebl Prestation sur mesure Message *Comment Envoyer<\/p>\n","protected":false},"author":1,"featured_media":0,"parent":0,"menu_order":0,"comment_status":"closed","ping_status":"closed","template":"","meta":{"om_disable_all_campaigns":false,"inline_featured_image":false,"_mi_skip_tracking":false},"aioseo_notices":[],"uagb_featured_image_src":{"full":false,"thumbnail":false,"medium":false,"medium_large":false,"large":false,"1536x1536":false,"2048x2048":false,"post-thumbnail":false,"albatross-large":false,"albatross-small":false},"uagb_author_info":{"display_name":"Audrey","author_link":"https:\/\/www.lecoursh.fr\/?author=1"},"uagb_comment_info":0,"uagb_excerpt":"Formulaire de contact proVeuillez activer JavaScript dans votre navigateur pour remplir ce formulaire.Nom Pr\u00e9nom *T\u00e9l\u00e9phone *Email *Besoin d&#8217;infos ou de devis sur Team Building Arbre de No\u00ebl Prestation sur mesure Message *Comment Envoyer","_links":{"self":[{"href":"https:\/\/www.lecoursh.fr\/index.php?rest_route=\/wp\/v2\/pages\/662"}],"collection":[{"href":"https:\/\/www.lecoursh.fr\/index.php?rest_route=\/wp\/v2\/pages"}],"about":[{"href":"https:\/\/www.lecoursh.fr\/index.php?rest_route=\/wp\/v2\/types\/page"}],"author":[{"embeddable":true,"href":"https:\/\/www.lecoursh.fr\/index.php?rest_route=\/wp\/v2\/users\/1"}],"replies":[{"embeddable":true,"href":"https:\/\/www.lecoursh.fr\/index.php?rest_route=%2Fwp%2Fv2%2Fcomments&post=662"}],"version-history":[{"count":245,"href":"https:\/\/www.lecoursh.fr\/index.php?rest_route=\/wp\/v2\/pages\/662\/revisions"}],"predecessor-version":[{"id":2003,"href":"https:\/\/www.lecoursh.fr\/index.php?rest_route=\/wp\/v2\/pages\/662\/revisions\/2003"}],"wp:attachment":[{"href":"https:\/\/www.lecoursh.fr\/index.php?rest_route=%2Fwp%2Fv2%2Fmedia&parent=662"}],"curies":[{"name":"wp","href":"https:\/\/api.w.org\/{rel}","templated":true}]}}